{"id":23,"date":"2024-12-12T13:50:48","date_gmt":"2024-12-12T12:50:48","guid":{"rendered":"https:\/\/celineschneider.fr\/?page_id=23"},"modified":"2025-03-14T16:00:37","modified_gmt":"2025-03-14T15:00:37","slug":"a-propos","status":"publish","type":"page","link":"https:\/\/celineschneider.fr\/?page_id=23","title":{"rendered":"\u00c0 propos"},"content":{"rendered":"<style>.wp-block-kadence-spacer.kt-block-spacer-23_cafb6b-00 .kt-block-spacer{height:6px;}.wp-block-kadence-spacer.kt-block-spacer-23_cafb6b-00 .kt-divider{border-top-width:2px;border-top-color:#121512;width:80%;border-top-style:solid;}<\/style>\n<div class=\"separateurnoir\"><\/div>\n\n\n<style>.kb-row-layout-id23_c1fc20-47 > .kt-row-column-wrap{align-content:start;}:where(.kb-row-layout-id23_c1fc20-47 > .kt-row-column-wrap) > .wp-block-kadence-column{justify-content:start;}.kb-row-layout-id23_c1fc20-47 > .kt-row-column-wrap{column-gap:var(--global-kb-gap-lg, 4rem);row-gap:var(--global-kb-gap-md, 2rem);padding-top:var(--global-kb-spacing-sm, 1.5rem);padding-bottom:var(--global-kb-spacing-sm, 1.5rem);grid-template-columns:minmax(0, calc(30% - ((var(--global-kb-gap-lg, 4rem) * 2 )\/3)))minmax(0, calc(35% - ((var(--global-kb-gap-lg, 4rem) * 2 )\/3)))minmax(0, calc(35% - ((var(--global-kb-gap-lg, 4rem) * 2 )\/3)));}.kb-row-layout-id23_c1fc20-47{background-image:url('https:\/\/celineschneider.fr\/wp-content\/uploads\/2025\/03\/VERT-5-e1741286691837.png');background-size:20% auto;background-position:59% 61%;background-attachment:scroll;background-repeat:no-repeat;}.kb-row-layout-id23_c1fc20-47 > .kt-row-layout-overlay{opacity:0.30;}@media all and (max-width: 1024px){.kb-row-layout-id23_c1fc20-47 > .kt-row-column-wrap > div:not(.added-for-specificity){grid-column:initial;}}@media all and (max-width: 1024px){.kb-row-layout-id23_c1fc20-47 > .kt-row-column-wrap{grid-template-columns:repeat(3, minmax(0, 1fr));}}@media all and (max-width: 767px){.kb-row-layout-id23_c1fc20-47 > .kt-row-column-wrap > div:not(.added-for-specificity){grid-column:initial;}.kb-row-layout-id23_c1fc20-47 > .kt-row-column-wrap{grid-template-columns:minmax(0, 1fr);}}<\/style><div class=\"kb-row-layout-wrap kb-row-layout-id23_c1fc20-47 alignwide kt-row-has-bg wp-block-kadence-rowlayout\"><div class=\"kt-row-column-wrap kt-has-3-columns kt-row-layout-equal kt-tab-layout-inherit kt-mobile-layout-row kt-row-valign-top\">\n<style>.kadence-column23_69fa42-e9 > .kt-inside-inner-col,.kadence-column23_69fa42-e9 > .kt-inside-inner-col:before{border-top-left-radius:0px;border-top-right-radius:0px;border-bottom-right-radius:0px;border-bottom-left-radius:0px;}.kadence-column23_69fa42-e9 > .kt-inside-inner-col{column-gap:var(--global-kb-gap-sm, 1rem);}.kadence-column23_69fa42-e9 > .kt-inside-inner-col{flex-direction:column;}.kadence-column23_69fa42-e9 > .kt-inside-inner-col > .aligncenter{width:100%;}.kadence-column23_69fa42-e9 > .kt-inside-inner-col:before{opacity:0.3;}.kadence-column23_69fa42-e9{position:relative;}@media all and (max-width: 1024px){.kadence-column23_69fa42-e9 > .kt-inside-inner-col{flex-direction:column;justify-content:center;}}@media all and (max-width: 767px){.kadence-column23_69fa42-e9 > .kt-inside-inner-col{flex-direction:column;justify-content:center;}}<\/style>\n<div class=\"wp-block-kadence-column kadence-column23_69fa42-e9\"><div class=\"kt-inside-inner-col\"><style>.wp-block-kadence-advancedheading.kt-adv-heading23_fe9182-cd, .wp-block-kadence-advancedheading.kt-adv-heading23_fe9182-cd[data-kb-block=\"kb-adv-heading23_fe9182-cd\"]{font-style:normal;}.wp-block-kadence-advancedheading.kt-adv-heading23_fe9182-cd mark.kt-highlight, .wp-block-kadence-advancedheading.kt-adv-heading23_fe9182-cd[data-kb-block=\"kb-adv-heading23_fe9182-cd\"] mark.kt-highlight{font-style:normal;color:#f76a0c;-webkit-box-decoration-break:clone;box-decoration-break:clone;padding-top:0px;padding-right:0px;padding-bottom:0px;padding-left:0px;}.wp-block-kadence-advancedheading.kt-adv-heading23_fe9182-cd img.kb-inline-image, .wp-block-kadence-advancedheading.kt-adv-heading23_fe9182-cd[data-kb-block=\"kb-adv-heading23_fe9182-cd\"] img.kb-inline-image{width:150px;vertical-align:baseline;}<\/style>\n<h5 class=\"kt-adv-heading23_fe9182-cd wp-block-kadence-advancedheading has-kb-palette-1-color has-text-color\" data-kb-block=\"kb-adv-heading23_fe9182-cd\">Bonjour ! Je m\u2019appelle C\u00e9line Schneider, et si je devais r\u00e9sumer mon parcours, ce serait <span class=\"croixvert\">une rencontre<\/span> <span class=\"croixvert\">une passion<\/span> une pizza ch\u00e8vre-miel : un m\u00e9lange d\u2019ingr\u00e9dients tr\u00e8s diff\u00e9rents, mais o\u00f9 tout le monde peut y trouver son compte.&nbsp;<\/h5>\n\n\n\n<div style=\"height:26px\" aria-hidden=\"true\" class=\"wp-block-spacer\"><\/div>\n\n\n<style>.wp-block-kadence-advancedheading.kt-adv-heading23_3f0b34-1e, .wp-block-kadence-advancedheading.kt-adv-heading23_3f0b34-1e[data-kb-block=\"kb-adv-heading23_3f0b34-1e\"]{font-style:normal;}.wp-block-kadence-advancedheading.kt-adv-heading23_3f0b34-1e mark.kt-highlight, .wp-block-kadence-advancedheading.kt-adv-heading23_3f0b34-1e[data-kb-block=\"kb-adv-heading23_3f0b34-1e\"] mark.kt-highlight{font-style:normal;color:#f76a0c;-webkit-box-decoration-break:clone;box-decoration-break:clone;padding-top:0px;padding-right:0px;padding-bottom:0px;padding-left:0px;}.wp-block-kadence-advancedheading.kt-adv-heading23_3f0b34-1e img.kb-inline-image, .wp-block-kadence-advancedheading.kt-adv-heading23_3f0b34-1e[data-kb-block=\"kb-adv-heading23_3f0b34-1e\"] img.kb-inline-image{width:150px;vertical-align:baseline;}<\/style>\n<p class=\"kt-adv-heading23_3f0b34-1e wp-block-kadence-advancedheading\" data-kb-block=\"kb-adv-heading23_3f0b34-1e\">Entre ma <strong>formation 360\u00b0 \u00e0 <span class=\"ovalvert\">l\u2019ECV<\/span><\/strong> et mes deux ann\u00e9es chez <strong><span class=\"souslignevert\">Publicis Conseil<\/span><\/strong>, j\u2019ai appris \u00e0 travailler dans beaucoup de domaines. Allant du concept cr\u00e9atif \u00e0 la cr\u00e9ation d\u2019identit\u00e9 visuelle, de la d\u00e9clinaison en Print et en digital, jusqu\u2019\u00e0 de l\u2019activation sociale comme en live.<\/p>\n\n\n<style>.wp-block-kadence-image.kb-image23_be35d0-a8:not(.kb-specificity-added):not(.kb-extra-specificity-added){margin-right:var(--global-kb-spacing-5xl, 10rem);}.kb-image23_be35d0-a8:not(.kb-image-is-ratio-size) .kb-img, .kb-image23_be35d0-a8.kb-image-is-ratio-size{padding-right:var(--global-kb-spacing-5xl, 10rem);padding-left:0px;}.kb-image23_be35d0-a8 .kb-image-has-overlay:after{opacity:0.3;}<\/style>\n<figure class=\"wp-block-kadence-image kb-image23_be35d0-a8 size-full\"><img fetchpriority=\"high\" decoding=\"async\" width=\"907\" height=\"907\" src=\"https:\/\/celineschneider.fr\/wp-content\/uploads\/2025\/03\/site-logo-2-edited.png\" alt=\"\" class=\"kb-img wp-image-2088\" srcset=\"https:\/\/celineschneider.fr\/wp-content\/uploads\/2025\/03\/site-logo-2-edited.png 907w, https:\/\/celineschneider.fr\/wp-content\/uploads\/2025\/03\/site-logo-2-edited-300x300.png 300w, https:\/\/celineschneider.fr\/wp-content\/uploads\/2025\/03\/site-logo-2-edited-150x150.png 150w, https:\/\/celineschneider.fr\/wp-content\/uploads\/2025\/03\/site-logo-2-edited-768x768.png 768w, https:\/\/celineschneider.fr\/wp-content\/uploads\/2025\/03\/site-logo-2-edited-400x400.png 400w, https:\/\/celineschneider.fr\/wp-content\/uploads\/2025\/03\/site-logo-2-edited-800x800.png 800w\" sizes=\"(max-width: 907px) 100vw, 907px\" \/><\/figure>\n<\/div><\/div>\n\n\n<style>.kadence-column23_e22929-bb > .kt-inside-inner-col,.kadence-column23_e22929-bb > .kt-inside-inner-col:before{border-top-left-radius:0px;border-top-right-radius:0px;border-bottom-right-radius:0px;border-bottom-left-radius:0px;}.kadence-column23_e22929-bb > .kt-inside-inner-col{column-gap:var(--global-kb-gap-sm, 1rem);}.kadence-column23_e22929-bb > .kt-inside-inner-col{flex-direction:column;}.kadence-column23_e22929-bb > .kt-inside-inner-col > .aligncenter{width:100%;}.kadence-column23_e22929-bb > .kt-inside-inner-col:before{opacity:0.3;}.kadence-column23_e22929-bb{position:relative;}@media all and (max-width: 1024px){.kadence-column23_e22929-bb > .kt-inside-inner-col{flex-direction:column;justify-content:center;}}@media all and (max-width: 767px){.kadence-column23_e22929-bb > .kt-inside-inner-col{flex-direction:column;justify-content:center;}}<\/style>\n<div class=\"wp-block-kadence-column kadence-column23_e22929-bb\"><div class=\"kt-inside-inner-col\"><style>.wp-block-kadence-advancedheading.kt-adv-heading23_d95370-84, .wp-block-kadence-advancedheading.kt-adv-heading23_d95370-84[data-kb-block=\"kb-adv-heading23_d95370-84\"]{font-style:normal;}.wp-block-kadence-advancedheading.kt-adv-heading23_d95370-84 mark.kt-highlight, .wp-block-kadence-advancedheading.kt-adv-heading23_d95370-84[data-kb-block=\"kb-adv-heading23_d95370-84\"] mark.kt-highlight{font-style:normal;color:#f76a0c;-webkit-box-decoration-break:clone;box-decoration-break:clone;padding-top:0px;padding-right:0px;padding-bottom:0px;padding-left:0px;}.wp-block-kadence-advancedheading.kt-adv-heading23_d95370-84 img.kb-inline-image, .wp-block-kadence-advancedheading.kt-adv-heading23_d95370-84[data-kb-block=\"kb-adv-heading23_d95370-84\"] img.kb-inline-image{width:150px;vertical-align:baseline;}<\/style>\n<p class=\"kt-adv-heading23_d95370-84 wp-block-kadence-advancedheading\" data-kb-block=\"kb-adv-heading23_d95370-84\">En parall\u00e8le, j\u2019ai aussi travaill\u00e9 pour un groupe de <strong>musique<\/strong>, pour une troupe de <strong>th\u00e9\u00e2tre<\/strong>, ou encore d\u2019autres projets plus <span class=\"rectanglevert\">\u00ab&nbsp;personnels&nbsp;\u00bb<\/span>.<br><br>La pizza ch\u00e8vre-miel, c\u2019est aussi une <strong>rencontre<\/strong> de go\u00fbts compl\u00e8tement. Qui normalement n\u2019iraient pas ensembles. Entre mes projets d\u2019\u00e9cole et mes travaux d\u2019agence, et ceux plus personnels, il est vrai que j\u2019ai d\u00e9velopp\u00e9 deux \u00ab&nbsp;saveurs&nbsp;\u00bb diff\u00e9rentes.<br><br>D\u2019un c\u00f4t\u00e9, j\u2019ai appris \u00e0 <strong><span class=\"souslignevert\">m\u2019adapter<\/span> aux identit\u00e9s de diff\u00e9rents types de clients<\/strong>, \u00e0 int\u00e9grer des m\u00e9thodes de travail vari\u00e9es qui r\u00e9pondent au besoins d\u2019un brief. De l\u2019autre c\u00f4t\u00e9, j\u2019ai pu d<strong>\u00e9velopper une patte personnelle<\/strong>, plut\u00f4t maximaliste, d\u00e9structur\u00e9e et punk, pour laquelle on me contacte parfois et dans laquelle j\u2019aime m\u2019exprimer.<\/p>\n<\/div><\/div>\n\n\n<style>.kadence-column23_915f94-40 > .kt-inside-inner-col,.kadence-column23_915f94-40 > .kt-inside-inner-col:before{border-top-left-radius:0px;border-top-right-radius:0px;border-bottom-right-radius:0px;border-bottom-left-radius:0px;}.kadence-column23_915f94-40 > .kt-inside-inner-col{column-gap:var(--global-kb-gap-sm, 1rem);}.kadence-column23_915f94-40 > .kt-inside-inner-col{flex-direction:column;}.kadence-column23_915f94-40 > .kt-inside-inner-col > .aligncenter{width:100%;}.kadence-column23_915f94-40 > .kt-inside-inner-col:before{opacity:0.3;}.kadence-column23_915f94-40{position:relative;}@media all and (max-width: 1024px){.kadence-column23_915f94-40 > .kt-inside-inner-col{flex-direction:column;justify-content:center;}}@media all and (max-width: 767px){.kadence-column23_915f94-40 > .kt-inside-inner-col{flex-direction:column;justify-content:center;}}<\/style>\n<div class=\"wp-block-kadence-column kadence-column23_915f94-40\"><div class=\"kt-inside-inner-col\"><style>.wp-block-kadence-advancedheading.kt-adv-heading23_224c39-e5, .wp-block-kadence-advancedheading.kt-adv-heading23_224c39-e5[data-kb-block=\"kb-adv-heading23_224c39-e5\"]{font-style:normal;}.wp-block-kadence-advancedheading.kt-adv-heading23_224c39-e5 mark.kt-highlight, .wp-block-kadence-advancedheading.kt-adv-heading23_224c39-e5[data-kb-block=\"kb-adv-heading23_224c39-e5\"] mark.kt-highlight{font-style:normal;color:#f76a0c;-webkit-box-decoration-break:clone;box-decoration-break:clone;padding-top:0px;padding-right:0px;padding-bottom:0px;padding-left:0px;}.wp-block-kadence-advancedheading.kt-adv-heading23_224c39-e5 img.kb-inline-image, .wp-block-kadence-advancedheading.kt-adv-heading23_224c39-e5[data-kb-block=\"kb-adv-heading23_224c39-e5\"] img.kb-inline-image{width:150px;vertical-align:baseline;}<\/style>\n<p class=\"kt-adv-heading23_224c39-e5 wp-block-kadence-advancedheading\" data-kb-block=\"kb-adv-heading23_224c39-e5\">Je n\u2019opposerai pas ces deux identit\u00e9s visuelles, que vous retrouverez dans mon portfolio, elles sont <strong><span class=\"rectanglevert\">compl\u00e9mentaires<\/span><\/strong> et se <strong>nourrissent l\u2019une l\u2019autre<\/strong>.&nbsp;<br><br>Parce que la pizza ch\u00e8vre-miel, c\u2019est surtout \u00e7a. Deux univers qui n\u2019ont rien \u00e0 voir, qui font ressortir <strong>le meilleur l\u2019un de l\u2019autre<\/strong>. Aujourd\u2019hui je ne pourrais pas s\u00e9parer mes exp\u00e9riences plus \u00ab&nbsp;corporate&nbsp;\u00bb en agence ou \u00e0 l\u2019\u00e9cole, de mes projets plus \u00ab&nbsp;libres&nbsp;\u00bb. <strong>C\u2019est ce m\u00e9lange qui fait que <span class=\"ovalvert\">j\u2019aime ce que je fais.<\/span>&nbsp;<\/strong><\/p>\n\n\n<style>.wp-block-kadence-advancedheading.kt-adv-heading23_52185c-1d, .wp-block-kadence-advancedheading.kt-adv-heading23_52185c-1d[data-kb-block=\"kb-adv-heading23_52185c-1d\"]{font-style:normal;}.wp-block-kadence-advancedheading.kt-adv-heading23_52185c-1d mark.kt-highlight, .wp-block-kadence-advancedheading.kt-adv-heading23_52185c-1d[data-kb-block=\"kb-adv-heading23_52185c-1d\"] mark.kt-highlight{font-style:normal;color:#f76a0c;-webkit-box-decoration-break:clone;box-decoration-break:clone;padding-top:0px;padding-right:0px;padding-bottom:0px;padding-left:0px;}.wp-block-kadence-advancedheading.kt-adv-heading23_52185c-1d img.kb-inline-image, .wp-block-kadence-advancedheading.kt-adv-heading23_52185c-1d[data-kb-block=\"kb-adv-heading23_52185c-1d\"] img.kb-inline-image{width:150px;vertical-align:baseline;}<\/style>\n<p class=\"kt-adv-heading23_52185c-1d wp-block-kadence-advancedheading has-kb-palette-1-color has-text-color\" data-kb-block=\"kb-adv-heading23_52185c-1d\">Et bon, je sais que la pizza ch\u00e8vre-miel \u00e7a ne met pas tout le monde d\u2019accord. Et c\u2019est pas grave. Je sais que ceux qui aiment \u00e7a, ou qui ont le courage d\u2019essayer, sont toujours ravis.<\/p>\n<\/div><\/div>\n\n<\/div><\/div>","protected":false},"excerpt":{"rendered":"<p>Bonjour ! Je m\u2019appelle C\u00e9line Schneider, et si je devais r\u00e9sumer mon parcours, ce serait une rencontre une passion une pizza ch\u00e8vre-miel : un m\u00e9lange d\u2019ingr\u00e9dients tr\u00e8s diff\u00e9rents, mais o\u00f9 tout le monde peut y trouver son compte.&nbsp; Entre ma formation 360\u00b0 \u00e0 l\u2019ECV et mes deux ann\u00e9es chez Publicis Conseil, j\u2019ai appris \u00e0 travailler [&hellip;]<\/p>\n","protected":false},"author":1,"featured_media":0,"parent":0,"menu_order":0,"comment_status":"closed","ping_status":"closed","template":"","meta":{"_uag_custom_page_level_css":"","ngg_post_thumbnail":0,"footnotes":""},"class_list":["post-23","page","type-page","status-publish","hentry","missing-thumbnail"],"uagb_featured_image_src":{"full":false,"thumbnail":false,"medium":false,"medium_large":false,"large":false,"1536x1536":false,"2048x2048":false,"post-thumbnail":false,"miyazaki_preview_image_low_resolution":false,"miyazaki_preview_image_high_resolution":false},"uagb_author_info":{"display_name":"user22115147924586","author_link":"https:\/\/celineschneider.fr\/?author=1"},"uagb_comment_info":0,"uagb_excerpt":"Bonjour ! Je m\u2019appelle C\u00e9line Schneider, et si je devais r\u00e9sumer mon parcours, ce serait une rencontre une passion une pizza ch\u00e8vre-miel : un m\u00e9lange d\u2019ingr\u00e9dients tr\u00e8s diff\u00e9rents, mais o\u00f9 tout le monde peut y trouver son compte.&nbsp; Entre ma formation 360\u00b0 \u00e0 l\u2019ECV et mes deux ann\u00e9es chez Publicis Conseil, j\u2019ai appris \u00e0 travailler\u2026","_links":{"self":[{"href":"https:\/\/celineschneider.fr\/index.php?rest_route=\/wp\/v2\/pages\/23","targetHints":{"allow":["GET"]}}],"collection":[{"href":"https:\/\/celineschneider.fr\/index.php?rest_route=\/wp\/v2\/pages"}],"about":[{"href":"https:\/\/celineschneider.fr\/index.php?rest_route=\/wp\/v2\/types\/page"}],"author":[{"embeddable":true,"href":"https:\/\/celineschneider.fr\/index.php?rest_route=\/wp\/v2\/users\/1"}],"replies":[{"embeddable":true,"href":"https:\/\/celineschneider.fr\/index.php?rest_route=%2Fwp%2Fv2%2Fcomments&post=23"}],"version-history":[{"count":21,"href":"https:\/\/celineschneider.fr\/index.php?rest_route=\/wp\/v2\/pages\/23\/revisions"}],"predecessor-version":[{"id":2104,"href":"https:\/\/celineschneider.fr\/index.php?rest_route=\/wp\/v2\/pages\/23\/revisions\/2104"}],"wp:attachment":[{"href":"https:\/\/celineschneider.fr\/index.php?rest_route=%2Fwp%2Fv2%2Fmedia&parent=23"}],"curies":[{"name":"wp","href":"https:\/\/api.w.org\/{rel}","templated":true}]}}